{"id":8,"date":"2023-09-18T13:53:13","date_gmt":"2023-09-18T13:53:13","guid":{"rendered":"https:\/\/xn--vtertreff-v2a.ch\/?page_id=8"},"modified":"2025-10-21T09:36:29","modified_gmt":"2025-10-21T07:36:29","slug":"kontakt","status":"publish","type":"page","link":"https:\/\/v\u00e4tertreff.ch\/?page_id=8","title":{"rendered":"Kontakt"},"content":{"rendered":"\t\t<div data-elementor-type=\"wp-page\" data-elementor-id=\"8\" class=\"elementor elementor-8\">\n\t\t\t\t<div class=\"elementor-element elementor-element-d28541c e-flex e-con-boxed e-con e-parent\" data-id=\"d28541c\" data-element_type=\"container\" data-e-type=\"container\" data-settings=\"{&quot;background_background&quot;:&quot;classic&quot;}\">\n\t\t\t\t\t<div class=\"e-con-inner\">\n\t\t<div class=\"elementor-element elementor-element-39eab07 e-con-full e-flex e-con e-child\" data-id=\"39eab07\" data-element_type=\"container\" data-e-type=\"container\">\n\t\t<div class=\"elementor-element elementor-element-dc56c1f e-con-full elementor-hidden-desktop elementor-hidden-tablet e-flex e-con e-child\" data-id=\"dc56c1f\" data-element_type=\"container\" data-e-type=\"container\">\n\t\t<div class=\"elementor-element elementor-element-03e68b5 e-con-full elementor-hidden-tablet elementor-hidden-mobile e-flex e-con e-child\" data-id=\"03e68b5\" data-element_type=\"container\" data-e-type=\"container\">\n\t\t\t\t<\/div>\n\t\t<div class=\"elementor-element elementor-element-266efbc e-con-full e-flex e-con e-child\" data-id=\"266efbc\" data-element_type=\"container\" data-e-type=\"container\">\n\t\t\t\t<div class=\"elementor-element elementor-element-16e8c5e elementor-widget__width-initial elementor-widget-mobile__width-initial elementor-widget elementor-widget-image\" data-id=\"16e8c5e\" data-element_type=\"widget\" data-e-type=\"widget\" data-widget_type=\"image.default\">\n\t\t\t\t\t\t\t\t\t\t\t\t\t\t\t\t<a href=\"https:\/\/v\u00e4tertreff.ch\/\">\n\t\t\t\t\t\t\t<img fetchpriority=\"high\" decoding=\"async\" width=\"1205\" height=\"809\" src=\"https:\/\/v\u00e4tertreff.ch\/wp-content\/uploads\/2023\/09\/Vaetertreff-Logo.png\" class=\"elementor-animation-shrink attachment-1536x1536 size-1536x1536 wp-image-20\" alt=\"\" srcset=\"https:\/\/v\u00e4tertreff.ch\/wp-content\/uploads\/2023\/09\/Vaetertreff-Logo.png 1205w, https:\/\/v\u00e4tertreff.ch\/wp-content\/uploads\/2023\/09\/Vaetertreff-Logo-300x201.png 300w, https:\/\/v\u00e4tertreff.ch\/wp-content\/uploads\/2023\/09\/Vaetertreff-Logo-1024x687.png 1024w, https:\/\/v\u00e4tertreff.ch\/wp-content\/uploads\/2023\/09\/Vaetertreff-Logo-768x516.png 768w\" sizes=\"(max-width: 1205px) 100vw, 1205px\" \/>\t\t\t\t\t\t\t\t<\/a>\n\t\t\t\t\t\t\t\t\t\t\t\t\t\t\t<\/div>\n\t\t\t\t<\/div>\n\t\t<div class=\"elementor-element elementor-element-be704a8 e-flex e-con-boxed e-con e-child\" data-id=\"be704a8\" data-element_type=\"container\" data-e-type=\"container\">\n\t\t\t\t\t<div class=\"e-con-inner\">\n\t\t<div class=\"elementor-element elementor-element-9cc8f5e e-con-full e-flex e-con e-child\" data-id=\"9cc8f5e\" data-element_type=\"container\" data-e-type=\"container\">\n\t\t\t\t<div class=\"elementor-element elementor-element-468f38d elementor-widget elementor-widget-text-editor\" data-id=\"468f38d\" data-element_type=\"widget\" data-e-type=\"widget\" data-widget_type=\"text-editor.default\">\n\t\t\t\t\t\t\t\t\t<p><a href=\"https:\/\/v\u00e4tertreff.ch\/?page_id=10\">\u00dcber uns<\/a><\/p>\t\t\t\t\t\t\t\t<\/div>\n\t\t\t\t<div class=\"elementor-element elementor-element-a1e5722 elementor-widget elementor-widget-text-editor\" data-id=\"a1e5722\" data-element_type=\"widget\" data-e-type=\"widget\" data-widget_type=\"text-editor.default\">\n\t\t\t\t\t\t\t\t\t<p><a href=\"https:\/\/v\u00e4tertreff.ch\/?page_id=8\"><span style=\"text-decoration: underline;\">Kontakt<\/span><\/a><\/p>\t\t\t\t\t\t\t\t<\/div>\n\t\t\t\t<\/div>\n\t\t\t\t\t<\/div>\n\t\t\t\t<\/div>\n\t\t\t\t<\/div>\n\t\t<div class=\"elementor-element elementor-element-0f02882 e-con-full elementor-hidden-mobile e-flex e-con e-child\" data-id=\"0f02882\" data-element_type=\"container\" data-e-type=\"container\">\n\t\t<div class=\"elementor-element elementor-element-e406fc8 e-con-full elementor-hidden-tablet elementor-hidden-mobile e-flex e-con e-child\" data-id=\"e406fc8\" data-element_type=\"container\" data-e-type=\"container\">\n\t\t\t\t<\/div>\n\t\t<div class=\"elementor-element elementor-element-04b5f9e e-con-full e-flex e-con e-child\" data-id=\"04b5f9e\" data-element_type=\"container\" data-e-type=\"container\">\n\t\t\t\t<div class=\"elementor-element elementor-element-e40cfb6 elementor-widget__width-initial elementor-widget elementor-widget-image\" data-id=\"e40cfb6\" data-element_type=\"widget\" data-e-type=\"widget\" data-widget_type=\"image.default\">\n\t\t\t\t\t\t\t\t\t\t\t\t\t\t\t\t<a href=\"https:\/\/v\u00e4tertreff.ch\/\">\n\t\t\t\t\t\t\t<img fetchpriority=\"high\" decoding=\"async\" width=\"1205\" height=\"809\" src=\"https:\/\/v\u00e4tertreff.ch\/wp-content\/uploads\/2023\/09\/Vaetertreff-Logo.png\" class=\"elementor-animation-shrink attachment-1536x1536 size-1536x1536 wp-image-20\" alt=\"\" srcset=\"https:\/\/v\u00e4tertreff.ch\/wp-content\/uploads\/2023\/09\/Vaetertreff-Logo.png 1205w, https:\/\/v\u00e4tertreff.ch\/wp-content\/uploads\/2023\/09\/Vaetertreff-Logo-300x201.png 300w, https:\/\/v\u00e4tertreff.ch\/wp-content\/uploads\/2023\/09\/Vaetertreff-Logo-1024x687.png 1024w, https:\/\/v\u00e4tertreff.ch\/wp-content\/uploads\/2023\/09\/Vaetertreff-Logo-768x516.png 768w\" sizes=\"(max-width: 1205px) 100vw, 1205px\" \/>\t\t\t\t\t\t\t\t<\/a>\n\t\t\t\t\t\t\t\t\t\t\t\t\t\t\t<\/div>\n\t\t\t\t<\/div>\n\t\t<div class=\"elementor-element elementor-element-b58830d e-con-full e-flex e-con e-child\" data-id=\"b58830d\" data-element_type=\"container\" data-e-type=\"container\">\n\t\t<div class=\"elementor-element elementor-element-c6ba8c9 e-con-full e-flex e-con e-child\" data-id=\"c6ba8c9\" data-element_type=\"container\" data-e-type=\"container\">\n\t\t<a class=\"elementor-element elementor-element-9d2f4f9 e-con-full e-flex e-con e-child\" data-id=\"9d2f4f9\" data-element_type=\"container\" data-e-type=\"container\" href=\"https:\/\/v\u00e4tertreff.ch\/?page_id=10\">\n\t\t\t\t<div class=\"elementor-element elementor-element-84ab22f elementor-widget elementor-widget-text-editor\" data-id=\"84ab22f\" data-element_type=\"widget\" data-e-type=\"widget\" data-widget_type=\"text-editor.default\">\n\t\t\t\t\t\t\t\t\t<p>\u00dcber uns<\/p>\t\t\t\t\t\t\t\t<\/div>\n\t\t\t\t<\/a>\n\t\t<a class=\"elementor-element elementor-element-3886343 e-con-full e-flex e-con e-child\" data-id=\"3886343\" data-element_type=\"container\" data-e-type=\"container\" href=\"https:\/\/v\u00e4tertreff.ch\/?page_id=8\">\n\t\t\t\t<div class=\"elementor-element elementor-element-339cfe1 elementor-widget elementor-widget-text-editor\" data-id=\"339cfe1\" data-element_type=\"widget\" data-e-type=\"widget\" data-widget_type=\"text-editor.default\">\n\t\t\t\t\t\t\t\t\t<p>Kontakt<\/p>\t\t\t\t\t\t\t\t<\/div>\n\t\t\t\t<\/a>\n\t\t\t\t<\/div>\n\t\t\t\t<div class=\"elementor-element elementor-element-02b3669 elementor-widget elementor-widget-spacer\" data-id=\"02b3669\" data-element_type=\"widget\" data-e-type=\"widget\" data-widget_type=\"spacer.default\">\n\t\t\t\t\t\t\t<div class=\"elementor-spacer\">\n\t\t\t<div class=\"elementor-spacer-inner\"><\/div>\n\t\t<\/div>\n\t\t\t\t\t\t<\/div>\n\t\t\t\t<\/div>\n\t\t\t\t<\/div>\n\t\t<div class=\"elementor-element elementor-element-6f8bfba e-con-full e-flex e-con e-child\" data-id=\"6f8bfba\" data-element_type=\"container\" data-e-type=\"container\" data-settings=\"{&quot;background_background&quot;:&quot;classic&quot;}\">\n\t\t<div class=\"elementor-element elementor-element-417ea57 e-con-full e-flex e-con e-child\" data-id=\"417ea57\" data-element_type=\"container\" data-e-type=\"container\">\n\t\t\t\t<div class=\"elementor-element elementor-element-a288a7a elementor-widget elementor-widget-image\" data-id=\"a288a7a\" data-element_type=\"widget\" data-e-type=\"widget\" data-widget_type=\"image.default\">\n\t\t\t\t\t\t\t\t\t\t\t\t\t\t\t<img decoding=\"async\" width=\"800\" height=\"864\" src=\"https:\/\/v\u00e4tertreff.ch\/wp-content\/uploads\/2025\/10\/Group-21-948x1024.png\" class=\"attachment-large size-large wp-image-853\" alt=\"\" srcset=\"https:\/\/v\u00e4tertreff.ch\/wp-content\/uploads\/2025\/10\/Group-21-948x1024.png 948w, https:\/\/v\u00e4tertreff.ch\/wp-content\/uploads\/2025\/10\/Group-21-278x300.png 278w, https:\/\/v\u00e4tertreff.ch\/wp-content\/uploads\/2025\/10\/Group-21-768x830.png 768w, https:\/\/v\u00e4tertreff.ch\/wp-content\/uploads\/2025\/10\/Group-21.png 1067w\" sizes=\"(max-width: 800px) 100vw, 800px\" \/>\t\t\t\t\t\t\t\t\t\t\t\t\t\t\t<\/div>\n\t\t\t\t<\/div>\n\t\t<div class=\"elementor-element elementor-element-654d868 e-con-full e-flex e-con e-child\" data-id=\"654d868\" data-element_type=\"container\" data-e-type=\"container\">\n\t\t\t\t<div class=\"elementor-element elementor-element-96ea99e elementor-widget elementor-widget-spacer\" data-id=\"96ea99e\" data-element_type=\"widget\" data-e-type=\"widget\" data-widget_type=\"spacer.default\">\n\t\t\t\t\t\t\t<div class=\"elementor-spacer\">\n\t\t\t<div class=\"elementor-spacer-inner\"><\/div>\n\t\t<\/div>\n\t\t\t\t\t\t<\/div>\n\t\t\t\t<div class=\"elementor-element elementor-element-2282057 elementor-widget elementor-widget-heading\" data-id=\"2282057\" data-element_type=\"widget\" data-e-type=\"widget\" data-widget_type=\"heading.default\">\n\t\t\t\t\t<h3 class=\"elementor-heading-title elementor-size-default\"><a href=\"mailto:info@v\u00e4tertreff.ch\" target=\"_blank\">Schreib uns\nund sei dabei<\/a><\/h3>\t\t\t\t<\/div>\n\t\t\t\t<div class=\"elementor-element elementor-element-0a9d4ee elementor-widget elementor-widget-text-editor\" data-id=\"0a9d4ee\" data-element_type=\"widget\" data-e-type=\"widget\" data-widget_type=\"text-editor.default\">\n\t\t\t\t\t\t\t\t\t<p>oder komm auf unsere Whatsapp-Gruppe.<\/p>\t\t\t\t\t\t\t\t<\/div>\n\t\t\t\t<div class=\"elementor-element elementor-element-420ebd6 elementor-align-right elementor-invisible elementor-widget elementor-widget-button\" data-id=\"420ebd6\" data-element_type=\"widget\" data-e-type=\"widget\" data-settings=\"{&quot;_animation&quot;:&quot;fadeIn&quot;}\" data-widget_type=\"button.default\">\n\t\t\t\t\t\t\t\t\t\t<a class=\"elementor-button elementor-button-link elementor-size-sm\" href=\"https:\/\/chat.whatsapp.com\/GJpHscEpndZ1AWtpJkBd65\" target=\"_blank\">\n\t\t\t\t\t\t<span class=\"elementor-button-content-wrapper\">\n\t\t\t\t\t\t\t\t\t<span class=\"elementor-button-text\">Whatsapp-Gruppe beitreten<\/span>\n\t\t\t\t\t<\/span>\n\t\t\t\t\t<\/a>\n\t\t\t\t\t\t\t\t<\/div>\n\t\t\t\t<div class=\"elementor-element elementor-element-910a658 elementor-widget elementor-widget-text-editor\" data-id=\"910a658\" data-element_type=\"widget\" data-e-type=\"widget\" data-widget_type=\"text-editor.default\">\n\t\t\t\t\t\t\t\t\t<p>Kontaktiere uns \u2013 wir beissen nur in kleine s\u00fcsse Kekse, und selbst das ist selten. Egal, ob du Fragen, Anregungen oder einfach nur lustige Anekdoten zu teilen hast, wir freuen uns darauf, von Dir zu h\u00f6ren. Deine Nachricht ist wie ein kleines St\u00fcck Schokolade f\u00fcr uns \u2013 immer eine s\u00fcsse \u00dcberraschung!<\/p>\t\t\t\t\t\t\t\t<\/div>\n\t\t\t\t<\/div>\n\t\t\t\t<\/div>\n\t\t\t\t<\/div>\n\t\t\t\t\t<\/div>\n\t\t\t\t<\/div>\n\t\t<div class=\"elementor-element elementor-element-2534958 e-flex e-con-boxed e-con e-parent\" data-id=\"2534958\" data-element_type=\"container\" data-e-type=\"container\">\n\t\t\t\t\t<div class=\"e-con-inner\">\n\t\t<div class=\"elementor-element elementor-element-278503d e-con-full e-flex e-con e-child\" data-id=\"278503d\" data-element_type=\"container\" data-e-type=\"container\">\n\t\t\t\t<div class=\"elementor-element elementor-element-9c65919 elementor-widget elementor-widget-heading\" data-id=\"9c65919\" data-element_type=\"widget\" data-e-type=\"widget\" data-widget_type=\"heading.default\">\n\t\t\t\t\t<h2 class=\"elementor-heading-title elementor-size-default\">Unsere Partner und grossz\u00fcgigen Unterst\u00fctzer<\/h2>\t\t\t\t<\/div>\n\t\t\t\t<\/div>\n\t\t<div class=\"elementor-element elementor-element-f599167 e-grid e-con-full e-con e-child\" data-id=\"f599167\" data-element_type=\"container\" data-e-type=\"container\">\n\t\t\t\t<div class=\"elementor-element elementor-element-e6a59f4 elementor-widget elementor-widget-image\" data-id=\"e6a59f4\" data-element_type=\"widget\" data-e-type=\"widget\" data-widget_type=\"image.default\">\n\t\t\t\t\t\t\t\t\t\t\t\t\t\t\t\t<a href=\"https:\/\/www.familienzentrum-winterthur.ch\/\" target=\"_blank\">\n\t\t\t\t\t\t\t<img decoding=\"async\" width=\"478\" height=\"477\" src=\"https:\/\/v\u00e4tertreff.ch\/wp-content\/uploads\/2025\/10\/FamzeLogo01.png\" class=\"elementor-animation-shrink attachment-large size-large wp-image-865\" alt=\"\" srcset=\"https:\/\/v\u00e4tertreff.ch\/wp-content\/uploads\/2025\/10\/FamzeLogo01.png 478w, https:\/\/v\u00e4tertreff.ch\/wp-content\/uploads\/2025\/10\/FamzeLogo01-300x300.png 300w, https:\/\/v\u00e4tertreff.ch\/wp-content\/uploads\/2025\/10\/FamzeLogo01-150x150.png 150w\" sizes=\"(max-width: 478px) 100vw, 478px\" \/>\t\t\t\t\t\t\t\t<\/a>\n\t\t\t\t\t\t\t\t\t\t\t\t\t\t\t<\/div>\n\t\t\t\t<div class=\"elementor-element elementor-element-731021b elementor-widget elementor-widget-image\" data-id=\"731021b\" data-element_type=\"widget\" data-e-type=\"widget\" data-widget_type=\"image.default\">\n\t\t\t\t\t\t\t\t\t\t\t\t\t\t\t<img loading=\"lazy\" decoding=\"async\" width=\"477\" height=\"477\" src=\"https:\/\/v\u00e4tertreff.ch\/wp-content\/uploads\/2025\/10\/StadtLogo01.png\" class=\"attachment-large size-large wp-image-866\" alt=\"\" srcset=\"https:\/\/v\u00e4tertreff.ch\/wp-content\/uploads\/2025\/10\/StadtLogo01.png 477w, https:\/\/v\u00e4tertreff.ch\/wp-content\/uploads\/2025\/10\/StadtLogo01-300x300.png 300w, https:\/\/v\u00e4tertreff.ch\/wp-content\/uploads\/2025\/10\/StadtLogo01-150x150.png 150w\" sizes=\"(max-width: 477px) 100vw, 477px\" \/>\t\t\t\t\t\t\t\t\t\t\t\t\t\t\t<\/div>\n\t\t\t\t<div class=\"elementor-element elementor-element-c94f29b elementor-widget elementor-widget-image\" data-id=\"c94f29b\" data-element_type=\"widget\" data-e-type=\"widget\" data-widget_type=\"image.default\">\n\t\t\t\t\t\t\t\t\t\t\t\t\t\t\t\t<a href=\"https:\/\/falt.ch\/\" target=\"_blank\">\n\t\t\t\t\t\t\t<img loading=\"lazy\" decoding=\"async\" width=\"477\" height=\"477\" src=\"https:\/\/v\u00e4tertreff.ch\/wp-content\/uploads\/2025\/10\/Webseite-Design-Winterthur-01.png\" class=\"elementor-animation-shrink attachment-large size-large wp-image-867\" alt=\"\" srcset=\"https:\/\/v\u00e4tertreff.ch\/wp-content\/uploads\/2025\/10\/Webseite-Design-Winterthur-01.png 477w, https:\/\/v\u00e4tertreff.ch\/wp-content\/uploads\/2025\/10\/Webseite-Design-Winterthur-01-300x300.png 300w, https:\/\/v\u00e4tertreff.ch\/wp-content\/uploads\/2025\/10\/Webseite-Design-Winterthur-01-150x150.png 150w\" sizes=\"(max-width: 477px) 100vw, 477px\" \/>\t\t\t\t\t\t\t\t<\/a>\n\t\t\t\t\t\t\t\t\t\t\t\t\t\t\t<\/div>\n\t\t\t\t<\/div>\n\t\t\t\t\t<\/div>\n\t\t\t\t<\/div>\n\t\t<div class=\"elementor-element elementor-element-7020d32 e-flex e-con-boxed e-con e-parent\" data-id=\"7020d32\" data-element_type=\"container\" data-e-type=\"container\" data-settings=\"{&quot;background_background&quot;:&quot;classic&quot;}\">\n\t\t\t\t\t<div class=\"e-con-inner\">\n\t\t<div class=\"elementor-element elementor-element-1b13196 e-con-full e-flex e-con e-child\" data-id=\"1b13196\" data-element_type=\"container\" data-e-type=\"container\">\n\t\t\t\t<div class=\"elementor-element elementor-element-ef0f5f2 elementor-widget__width-initial elementor-widget elementor-widget-heading\" data-id=\"ef0f5f2\" data-element_type=\"widget\" data-e-type=\"widget\" data-widget_type=\"heading.default\">\n\t\t\t\t\t<h2 class=\"elementor-heading-title elementor-size-default\">Chum vorbie\nund bi\ndebii!<\/h2>\t\t\t\t<\/div>\n\t\t\t\t<\/div>\n\t\t<div class=\"elementor-element elementor-element-0915a1e e-con-full e-flex e-con e-child\" data-id=\"0915a1e\" data-element_type=\"container\" data-e-type=\"container\">\n\t\t\t\t<div class=\"elementor-element elementor-element-297b92c elementor-widget elementor-widget-image\" data-id=\"297b92c\" data-element_type=\"widget\" data-e-type=\"widget\" data-widget_type=\"image.default\">\n\t\t\t\t\t\t\t\t\t\t\t\t\t\t\t<img loading=\"lazy\" decoding=\"async\" width=\"800\" height=\"902\" src=\"https:\/\/v\u00e4tertreff.ch\/wp-content\/uploads\/2025\/10\/Group-22-908x1024.png\" class=\"attachment-large size-large wp-image-874\" alt=\"\" srcset=\"https:\/\/v\u00e4tertreff.ch\/wp-content\/uploads\/2025\/10\/Group-22-908x1024.png 908w, https:\/\/v\u00e4tertreff.ch\/wp-content\/uploads\/2025\/10\/Group-22-266x300.png 266w, https:\/\/v\u00e4tertreff.ch\/wp-content\/uploads\/2025\/10\/Group-22-768x866.png 768w, https:\/\/v\u00e4tertreff.ch\/wp-content\/uploads\/2025\/10\/Group-22.png 1297w\" sizes=\"(max-width: 800px) 100vw, 800px\" \/>\t\t\t\t\t\t\t\t\t\t\t\t\t\t\t<\/div>\n\t\t\t\t<\/div>\n\t\t\t\t\t<\/div>\n\t\t\t\t<\/div>\n\t\t<div class=\"elementor-element elementor-element-a267947 elementor-hidden-desktop elementor-hidden-tablet elementor-hidden-mobile e-flex e-con-boxed e-con e-parent\" data-id=\"a267947\" data-element_type=\"container\" data-e-type=\"container\">\n\t\t\t\t\t<div class=\"e-con-inner\">\n\t\t<div class=\"elementor-element elementor-element-a388974 e-con-full e-flex e-con e-child\" data-id=\"a388974\" data-element_type=\"container\" data-e-type=\"container\">\n\t\t\t\t<div class=\"elementor-element elementor-element-c39e068 elementor-widget__width-initial elementor-widget elementor-widget-heading\" data-id=\"c39e068\" data-element_type=\"widget\" data-e-type=\"widget\" data-widget_type=\"heading.default\">\n\t\t\t\t\t<h2 class=\"elementor-heading-title elementor-size-default\">Poster der letzten Events<\/h2>\t\t\t\t<\/div>\n\t\t\t\t<\/div>\n\t\t<div class=\"elementor-element elementor-element-4760e35 e-grid e-con-full e-con e-child\" data-id=\"4760e35\" data-element_type=\"container\" data-e-type=\"container\">\n\t\t\t\t<div class=\"elementor-element elementor-element-598b3f5 elementor-widget elementor-widget-image\" data-id=\"598b3f5\" data-element_type=\"widget\" data-e-type=\"widget\" data-widget_type=\"image.default\">\n\t\t\t\t\t\t\t\t\t\t\t\t\t\t\t<img loading=\"lazy\" decoding=\"async\" width=\"694\" height=\"992\" src=\"https:\/\/v\u00e4tertreff.ch\/wp-content\/uploads\/2025\/10\/250311-vaetr-01-PosterF4.png\" class=\"attachment-large size-large wp-image-902\" alt=\"\" srcset=\"https:\/\/v\u00e4tertreff.ch\/wp-content\/uploads\/2025\/10\/250311-vaetr-01-PosterF4.png 694w, https:\/\/v\u00e4tertreff.ch\/wp-content\/uploads\/2025\/10\/250311-vaetr-01-PosterF4-210x300.png 210w\" sizes=\"(max-width: 694px) 100vw, 694px\" \/>\t\t\t\t\t\t\t\t\t\t\t\t\t\t\t<\/div>\n\t\t\t\t<div class=\"elementor-element elementor-element-f4ec9e0 elementor-widget elementor-widget-image\" data-id=\"f4ec9e0\" data-element_type=\"widget\" data-e-type=\"widget\" data-widget_type=\"image.default\">\n\t\t\t\t\t\t\t\t\t\t\t\t\t\t\t<img loading=\"lazy\" decoding=\"async\" width=\"717\" height=\"1024\" src=\"https:\/\/v\u00e4tertreff.ch\/wp-content\/uploads\/2025\/10\/251016-vaetr-01-PosterF4-717x1024.png\" class=\"attachment-large size-large wp-image-901\" alt=\"\" srcset=\"https:\/\/v\u00e4tertreff.ch\/wp-content\/uploads\/2025\/10\/251016-vaetr-01-PosterF4-717x1024.png 717w, https:\/\/v\u00e4tertreff.ch\/wp-content\/uploads\/2025\/10\/251016-vaetr-01-PosterF4-210x300.png 210w, https:\/\/v\u00e4tertreff.ch\/wp-content\/uploads\/2025\/10\/251016-vaetr-01-PosterF4-768x1097.png 768w, https:\/\/v\u00e4tertreff.ch\/wp-content\/uploads\/2025\/10\/251016-vaetr-01-PosterF4.png 926w\" sizes=\"(max-width: 717px) 100vw, 717px\" \/>\t\t\t\t\t\t\t\t\t\t\t\t\t\t\t<\/div>\n\t\t\t\t<div class=\"elementor-element elementor-element-475e088 elementor-widget elementor-widget-image\" data-id=\"475e088\" data-element_type=\"widget\" data-e-type=\"widget\" data-widget_type=\"image.default\">\n\t\t\t\t\t\t\t\t\t\t\t\t\t\t\t<img loading=\"lazy\" decoding=\"async\" width=\"694\" height=\"992\" src=\"https:\/\/v\u00e4tertreff.ch\/wp-content\/uploads\/2025\/10\/250311-vaetr-01-PosterF4.png\" class=\"attachment-2048x2048 size-2048x2048 wp-image-902\" alt=\"\" srcset=\"https:\/\/v\u00e4tertreff.ch\/wp-content\/uploads\/2025\/10\/250311-vaetr-01-PosterF4.png 694w, https:\/\/v\u00e4tertreff.ch\/wp-content\/uploads\/2025\/10\/250311-vaetr-01-PosterF4-210x300.png 210w\" sizes=\"(max-width: 694px) 100vw, 694px\" \/>\t\t\t\t\t\t\t\t\t\t\t\t\t\t\t<\/div>\n\t\t\t\t<\/div>\n\t\t<div class=\"elementor-element elementor-element-140068f e-con-full e-flex e-con e-child\" data-id=\"140068f\" data-element_type=\"container\" data-e-type=\"container\">\n\t\t\t\t<\/div>\n\t\t\t\t\t<\/div>\n\t\t\t\t<\/div>\n\t\t<div class=\"elementor-element elementor-element-09ff592 e-con-full e-flex e-con e-parent\" data-id=\"09ff592\" data-element_type=\"container\" data-e-type=\"container\" data-settings=\"{&quot;background_background&quot;:&quot;classic&quot;}\">\n\t\t<div class=\"elementor-element elementor-element-a88a65c e-con-full e-flex e-con e-child\" data-id=\"a88a65c\" data-element_type=\"container\" data-e-type=\"container\" data-settings=\"{&quot;background_background&quot;:&quot;classic&quot;}\">\n\t\t<div class=\"elementor-element elementor-element-cf00019 e-con-full e-flex e-con e-child\" data-id=\"cf00019\" data-element_type=\"container\" data-e-type=\"container\">\n\t\t\t\t<div class=\"elementor-element elementor-element-4be397b elementor-widget elementor-widget-text-editor\" data-id=\"4be397b\" data-element_type=\"widget\" data-e-type=\"widget\" data-widget_type=\"text-editor.default\">\n\t\t\t\t\t\t\t\t\t<p>\u00a9 V\u00e4tertreff | Alle Rechte vorbehalten.<\/p>\t\t\t\t\t\t\t\t<\/div>\n\t\t\t\t<\/div>\n\t\t<div class=\"elementor-element elementor-element-48da0de e-con-full e-flex e-con e-child\" data-id=\"48da0de\" data-element_type=\"container\" data-e-type=\"container\">\n\t\t\t\t<div class=\"elementor-element elementor-element-bb713e5 elementor-widget elementor-widget-image\" data-id=\"bb713e5\" data-element_type=\"widget\" data-e-type=\"widget\" data-widget_type=\"image.default\">\n\t\t\t\t\t\t\t\t\t\t\t\t\t\t\t<img loading=\"lazy\" decoding=\"async\" width=\"264\" height=\"190\" src=\"https:\/\/v\u00e4tertreff.ch\/wp-content\/uploads\/2025\/10\/Punkte01.png\" class=\"attachment-large size-large wp-image-613\" alt=\"\" \/>\t\t\t\t\t\t\t\t\t\t\t\t\t\t\t<\/div>\n\t\t\t\t<div class=\"elementor-element elementor-element-6594a23 elementor-widget elementor-widget-text-editor\" data-id=\"6594a23\" data-element_type=\"widget\" data-e-type=\"widget\" data-widget_type=\"text-editor.default\">\n\t\t\t\t\t\t\t\t\t<p><a href=\"https:\/\/falt.ch\/\" target=\"_blank\" rel=\"noopener\">Webseite Design Winterthur<\/a><\/p>\t\t\t\t\t\t\t\t<\/div>\n\t\t\t\t<\/div>\n\t\t\t\t<\/div>\n\t\t\t\t<\/div>\n\t\t\t\t<\/div>\n\t\t","protected":false},"excerpt":{"rendered":"<p>\u00dcber uns Kontakt \u00dcber uns Kontakt Schreib uns und sei dabei oder komm auf unsere Whatsapp-Gruppe. Whatsapp-Gruppe beitreten Kontaktiere uns \u2013 wir beissen nur in kleine s\u00fcsse Kekse, und selbst das ist selten. Egal, ob du Fragen, Anregungen oder einfach nur lustige Anekdoten zu teilen hast, wir freuen uns darauf, von Dir zu h\u00f6ren. Deine [&hellip;]<\/p>\n","protected":false},"author":1,"featured_media":0,"parent":10,"menu_order":0,"comment_status":"closed","ping_status":"closed","template":"","meta":{"_monsterinsights_skip_tracking":false,"_monsterinsights_sitenote_active":false,"_monsterinsights_sitenote_note":"","_monsterinsights_sitenote_category":0,"footnotes":""},"class_list":["post-8","page","type-page","status-publish","hentry"],"aioseo_notices":[],"_links":{"self":[{"href":"https:\/\/v\u00e4tertreff.ch\/index.php?rest_route=\/wp\/v2\/pages\/8","targetHints":{"allow":["GET"]}}],"collection":[{"href":"https:\/\/v\u00e4tertreff.ch\/index.php?rest_route=\/wp\/v2\/pages"}],"about":[{"href":"https:\/\/v\u00e4tertreff.ch\/index.php?rest_route=\/wp\/v2\/types\/page"}],"author":[{"embeddable":true,"href":"https:\/\/v\u00e4tertreff.ch\/index.php?rest_route=\/wp\/v2\/users\/1"}],"replies":[{"embeddable":true,"href":"https:\/\/v\u00e4tertreff.ch\/index.php?rest_route=%2Fwp%2Fv2%2Fcomments&post=8"}],"version-history":[{"count":222,"href":"https:\/\/v\u00e4tertreff.ch\/index.php?rest_route=\/wp\/v2\/pages\/8\/revisions"}],"predecessor-version":[{"id":1216,"href":"https:\/\/v\u00e4tertreff.ch\/index.php?rest_route=\/wp\/v2\/pages\/8\/revisions\/1216"}],"up":[{"embeddable":true,"href":"https:\/\/v\u00e4tertreff.ch\/index.php?rest_route=\/wp\/v2\/pages\/10"}],"wp:attachment":[{"href":"https:\/\/v\u00e4tertreff.ch\/index.php?rest_route=%2Fwp%2Fv2%2Fmedia&parent=8"}],"curies":[{"name":"wp","href":"https:\/\/api.w.org\/{rel}","templated":true}]}}